{"id":15,"date":"2020-11-28T12:06:23","date_gmt":"2020-11-28T12:06:23","guid":{"rendered":"http:\/\/kits.themecy.com\/food\/?page_id=15"},"modified":"2023-03-04T22:27:59","modified_gmt":"2023-03-04T21:27:59","slug":"home-2","status":"publish","type":"page","link":"https:\/\/foerderverein-fvs.de\/","title":{"rendered":"Start"},"content":{"rendered":"\t\t<div data-elementor-type=\"wp-page\" data-elementor-id=\"15\" class=\"elementor elementor-15\">\n\t\t\t\t\t\t\t\t\t<section class=\"elementor-section elementor-top-section elementor-element elementor-element-67bea504 elementor-section-height-full elementor-section-boxed elementor-section-height-default elementor-section-items-middle elementor-invisible\" data-id=\"67bea504\" data-element_type=\"section\" data-settings=\"{&quot;background_background&quot;:&quot;classic&quot;,&quot;animation&quot;:&quot;fadeIn&quot;}\">\n\t\t\t\t\t\t\t<div class=\"elementor-background-overlay\"><\/div>\n\t\t\t\t\t\t\t<div class=\"elementor-container elementor-column-gap-default\">\n\t\t\t\t\t<div class=\"elementor-column elementor-col-100 elementor-top-column elementor-element elementor-element-658faf62\" data-id=\"658faf62\" data-element_type=\"column\">\n\t\t\t<div class=\"elementor-widget-wrap elementor-element-populated\">\n\t\t\t\t\t\t\t\t<div class=\"elementor-element elementor-element-fa63c86 elementor-widget elementor-widget-heading\" data-id=\"fa63c86\" data-element_type=\"widget\" data-widget_type=\"heading.default\">\n\t\t\t\t<div class=\"elementor-widget-container\">\n\t\t\t<h6 class=\"elementor-heading-title elementor-size-default\">Unterst\u00fctzen Sie uns?<\/h6>\t\t<\/div>\n\t\t\t\t<\/div>\n\t\t\t\t<div class=\"elementor-element elementor-element-1a755ebf elementor-widget elementor-widget-heading\" data-id=\"1a755ebf\" data-element_type=\"widget\" data-widget_type=\"heading.default\">\n\t\t\t\t<div class=\"elementor-widget-container\">\n\t\t\t<h1 class=\"elementor-heading-title elementor-size-default\">Pfadfinden f\u00f6rdern<\/h1>\t\t<\/div>\n\t\t\t\t<\/div>\n\t\t\t\t\t<\/div>\n\t\t<\/div>\n\t\t\t\t\t\t\t<\/div>\n\t\t<\/section>\n\t\t\t\t<section class=\"elementor-section elementor-top-section elementor-element elementor-element-479f8065 elementor-section-height-min-height elementor-section-boxed elementor-section-height-default elementor-section-items-middle\" data-id=\"479f8065\" data-element_type=\"section\" data-settings=\"{&quot;background_background&quot;:&quot;classic&quot;}\">\n\t\t\t\t\t\t<div class=\"elementor-container elementor-column-gap-default\">\n\t\t\t\t\t<div class=\"elementor-column elementor-col-20 elementor-top-column elementor-element elementor-element-61240572\" data-id=\"61240572\" data-element_type=\"column\">\n\t\t\t<div class=\"elementor-widget-wrap elementor-element-populated\">\n\t\t\t\t\t\t\t\t<div class=\"elementor-element elementor-element-5df1017b elementor-position-top elementor-vertical-align-top elementor-widget elementor-widget-image-box\" data-id=\"5df1017b\" data-element_type=\"widget\" data-widget_type=\"image-box.default\">\n\t\t\t\t<div class=\"elementor-widget-container\">\n\t\t\t<div class=\"elementor-image-box-wrapper\"><figure class=\"elementor-image-box-img\"><a href=\"http:\/\/foerderverein-fvs.de\/\"><img decoding=\"async\" width=\"300\" height=\"300\" src=\"https:\/\/foerderverein-fvs.de\/wp-content\/uploads\/2021\/03\/jugend.png\" class=\"elementor-animation-grow attachment-medium size-medium wp-image-37\" alt=\"Jugend\" loading=\"lazy\" srcset=\"https:\/\/foerderverein-fvs.de\/wp-content\/uploads\/2021\/03\/jugend.png 300w, https:\/\/foerderverein-fvs.de\/wp-content\/uploads\/2021\/03\/jugend-100x100.png 100w, https:\/\/foerderverein-fvs.de\/wp-content\/uploads\/2021\/03\/jugend-150x150.png 150w\" sizes=\"(max-width: 300px) 100vw, 300px\" \/><\/a><\/figure><\/div>\t\t<\/div>\n\t\t\t\t<\/div>\n\t\t\t\t\t<\/div>\n\t\t<\/div>\n\t\t\t\t<div class=\"elementor-column elementor-col-20 elementor-top-column elementor-element elementor-element-366a3c2d\" data-id=\"366a3c2d\" data-element_type=\"column\">\n\t\t\t<div class=\"elementor-widget-wrap elementor-element-populated\">\n\t\t\t\t\t\t\t\t<div class=\"elementor-element elementor-element-47be7804 elementor-position-top elementor-vertical-align-top elementor-widget elementor-widget-image-box\" data-id=\"47be7804\" data-element_type=\"widget\" data-widget_type=\"image-box.default\">\n\t\t\t\t<div class=\"elementor-widget-container\">\n\t\t\t<div class=\"elementor-image-box-wrapper\"><figure class=\"elementor-image-box-img\"><a href=\"http:\/\/foerderverein-fvs.de\/\"><img decoding=\"async\" width=\"300\" height=\"300\" src=\"https:\/\/foerderverein-fvs.de\/wp-content\/uploads\/2021\/03\/abenteuer.png\" class=\"elementor-animation-grow attachment-medium size-medium wp-image-36\" alt=\"\" loading=\"lazy\" srcset=\"https:\/\/foerderverein-fvs.de\/wp-content\/uploads\/2021\/03\/abenteuer.png 300w, https:\/\/foerderverein-fvs.de\/wp-content\/uploads\/2021\/03\/abenteuer-100x100.png 100w, https:\/\/foerderverein-fvs.de\/wp-content\/uploads\/2021\/03\/abenteuer-150x150.png 150w\" sizes=\"(max-width: 300px) 100vw, 300px\" \/><\/a><\/figure><\/div>\t\t<\/div>\n\t\t\t\t<\/div>\n\t\t\t\t\t<\/div>\n\t\t<\/div>\n\t\t\t\t<div class=\"elementor-column elementor-col-20 elementor-top-column elementor-element elementor-element-7633b357\" data-id=\"7633b357\" data-element_type=\"column\">\n\t\t\t<div class=\"elementor-widget-wrap elementor-element-populated\">\n\t\t\t\t\t\t\t\t<div class=\"elementor-element elementor-element-77c9929 elementor-position-top elementor-vertical-align-top elementor-widget elementor-widget-image-box\" data-id=\"77c9929\" data-element_type=\"widget\" data-widget_type=\"image-box.default\">\n\t\t\t\t<div class=\"elementor-widget-container\">\n\t\t\t<div class=\"elementor-image-box-wrapper\"><figure class=\"elementor-image-box-img\"><a href=\"http:\/\/foerderverein-fvs.de\/\"><img decoding=\"async\" width=\"300\" height=\"300\" src=\"https:\/\/foerderverein-fvs.de\/wp-content\/uploads\/2021\/03\/glaube.png\" class=\"elementor-animation-grow attachment-medium size-medium wp-image-34\" alt=\"\" loading=\"lazy\" srcset=\"https:\/\/foerderverein-fvs.de\/wp-content\/uploads\/2021\/03\/glaube.png 300w, https:\/\/foerderverein-fvs.de\/wp-content\/uploads\/2021\/03\/glaube-100x100.png 100w, https:\/\/foerderverein-fvs.de\/wp-content\/uploads\/2021\/03\/glaube-150x150.png 150w\" sizes=\"(max-width: 300px) 100vw, 300px\" \/><\/a><\/figure><\/div>\t\t<\/div>\n\t\t\t\t<\/div>\n\t\t\t\t\t<\/div>\n\t\t<\/div>\n\t\t\t\t<div class=\"elementor-column elementor-col-20 elementor-top-column elementor-element elementor-element-22dfbf7\" data-id=\"22dfbf7\" data-element_type=\"column\">\n\t\t\t<div class=\"elementor-widget-wrap elementor-element-populated\">\n\t\t\t\t\t\t\t\t<div class=\"elementor-element elementor-element-4d65579 elementor-position-top elementor-vertical-align-top elementor-widget elementor-widget-image-box\" data-id=\"4d65579\" data-element_type=\"widget\" data-widget_type=\"image-box.default\">\n\t\t\t\t<div class=\"elementor-widget-container\">\n\t\t\t<div class=\"elementor-image-box-wrapper\"><figure class=\"elementor-image-box-img\"><a href=\"http:\/\/foerderverein-fvs.de\/\"><img decoding=\"async\" width=\"300\" height=\"300\" src=\"https:\/\/foerderverein-fvs.de\/wp-content\/uploads\/2021\/03\/gemeinschaft.png\" class=\"elementor-animation-grow attachment-medium size-medium wp-image-38\" alt=\"Gemeinschaft\" loading=\"lazy\" srcset=\"https:\/\/foerderverein-fvs.de\/wp-content\/uploads\/2021\/03\/gemeinschaft.png 300w, https:\/\/foerderverein-fvs.de\/wp-content\/uploads\/2021\/03\/gemeinschaft-100x100.png 100w, https:\/\/foerderverein-fvs.de\/wp-content\/uploads\/2021\/03\/gemeinschaft-150x150.png 150w\" sizes=\"(max-width: 300px) 100vw, 300px\" \/><\/a><\/figure><\/div>\t\t<\/div>\n\t\t\t\t<\/div>\n\t\t\t\t\t<\/div>\n\t\t<\/div>\n\t\t\t\t<div class=\"elementor-column elementor-col-20 elementor-top-column elementor-element elementor-element-70f364b5\" data-id=\"70f364b5\" data-element_type=\"column\">\n\t\t\t<div class=\"elementor-widget-wrap elementor-element-populated\">\n\t\t\t\t\t\t\t\t<div class=\"elementor-element elementor-element-4a43cbae elementor-position-top elementor-vertical-align-top elementor-widget elementor-widget-image-box\" data-id=\"4a43cbae\" data-element_type=\"widget\" data-widget_type=\"image-box.default\">\n\t\t\t\t<div class=\"elementor-widget-container\">\n\t\t\t<div class=\"elementor-image-box-wrapper\"><figure class=\"elementor-image-box-img\"><a href=\"http:\/\/foerderverein-fvs.de\/\"><img decoding=\"async\" width=\"300\" height=\"300\" src=\"https:\/\/foerderverein-fvs.de\/wp-content\/uploads\/2021\/03\/natur.png\" class=\"elementor-animation-grow attachment-medium size-medium wp-image-32\" alt=\"Natur\" loading=\"lazy\" srcset=\"https:\/\/foerderverein-fvs.de\/wp-content\/uploads\/2021\/03\/natur.png 300w, https:\/\/foerderverein-fvs.de\/wp-content\/uploads\/2021\/03\/natur-100x100.png 100w, https:\/\/foerderverein-fvs.de\/wp-content\/uploads\/2021\/03\/natur-150x150.png 150w\" sizes=\"(max-width: 300px) 100vw, 300px\" \/><\/a><\/figure><\/div>\t\t<\/div>\n\t\t\t\t<\/div>\n\t\t\t\t\t<\/div>\n\t\t<\/div>\n\t\t\t\t\t\t\t<\/div>\n\t\t<\/section>\n\t\t\t\t<section class=\"elementor-section elementor-top-section elementor-element elementor-element-68d5297 elementor-section-boxed elementor-section-height-default elementor-section-height-default\" data-id=\"68d5297\" data-element_type=\"section\" data-settings=\"{&quot;background_background&quot;:&quot;classic&quot;}\">\n\t\t\t\t\t\t<div class=\"elementor-container elementor-column-gap-default\">\n\t\t\t\t\t<div class=\"elementor-column elementor-col-100 elementor-top-column elementor-element elementor-element-2fb4b084\" data-id=\"2fb4b084\" data-element_type=\"column\" data-settings=\"{&quot;background_background&quot;:&quot;classic&quot;}\">\n\t\t\t<div class=\"elementor-widget-wrap elementor-element-populated\">\n\t\t\t\t\t\t\t\t<div class=\"elementor-element elementor-element-6eaf5d40 elementor-widget elementor-widget-heading\" data-id=\"6eaf5d40\" data-element_type=\"widget\" data-widget_type=\"heading.default\">\n\t\t\t\t<div class=\"elementor-widget-container\">\n\t\t\t<h2 class=\"elementor-heading-title elementor-size-default\">F\u00f6rderverein VCP Stamm Franz von Sickingen e.V.<\/h2>\t\t<\/div>\n\t\t\t\t<\/div>\n\t\t\t\t<div class=\"elementor-element elementor-element-4dd563b9 elementor-widget elementor-widget-text-editor\" data-id=\"4dd563b9\" data-element_type=\"widget\" data-widget_type=\"text-editor.default\">\n\t\t\t\t<div class=\"elementor-widget-container\">\n\t\t\t\t\t\t\t<p>Wir unterst\u00fctzen ideell und finanziell die Projekte der Jugendarbeit <br>in der protestantischen Paulus-Kirchengemeinde in Neustadt-Hambach<\/p>\t\t\t\t\t\t<\/div>\n\t\t\t\t<\/div>\n\t\t\t\t\t<\/div>\n\t\t<\/div>\n\t\t\t\t\t\t\t<\/div>\n\t\t<\/section>\n\t\t\t\t<section class=\"elementor-section elementor-top-section elementor-element elementor-element-76afa351 elementor-section-boxed elementor-section-height-default elementor-section-height-default\" data-id=\"76afa351\" data-element_type=\"section\" id=\"kontakt\" data-settings=\"{&quot;background_background&quot;:&quot;classic&quot;}\">\n\t\t\t\t\t\t<div class=\"elementor-container elementor-column-gap-default\">\n\t\t\t\t\t<div class=\"elementor-column elementor-col-100 elementor-top-column elementor-element elementor-element-28495874\" data-id=\"28495874\" data-element_type=\"column\">\n\t\t\t<div class=\"elementor-widget-wrap elementor-element-populated\">\n\t\t\t\t\t\t\t\t<section class=\"elementor-section elementor-inner-section elementor-element elementor-element-4a82086d elementor-section-boxed elementor-section-height-default elementor-section-height-default\" data-id=\"4a82086d\" data-element_type=\"section\">\n\t\t\t\t\t\t<div class=\"elementor-container elementor-column-gap-default\">\n\t\t\t\t\t<div class=\"elementor-column elementor-col-33 elementor-inner-column elementor-element elementor-element-1d2818fd\" data-id=\"1d2818fd\" data-element_type=\"column\">\n\t\t\t<div class=\"elementor-widget-wrap elementor-element-populated\">\n\t\t\t\t\t\t\t\t<div class=\"elementor-element elementor-element-48e0e6c2 elementor-widget elementor-widget-heading\" data-id=\"48e0e6c2\" data-element_type=\"widget\" data-widget_type=\"heading.default\">\n\t\t\t\t<div class=\"elementor-widget-container\">\n\t\t\t<h5 class=\"elementor-heading-title elementor-size-default\">Weitere Informationen?<\/h5>\t\t<\/div>\n\t\t\t\t<\/div>\n\t\t\t\t\t<\/div>\n\t\t<\/div>\n\t\t\t\t<div class=\"elementor-column elementor-col-33 elementor-inner-column elementor-element elementor-element-1736f3e\" data-id=\"1736f3e\" data-element_type=\"column\">\n\t\t\t<div class=\"elementor-widget-wrap elementor-element-populated\">\n\t\t\t\t\t\t\t\t<div class=\"elementor-element elementor-element-8021e1b elementor-widget elementor-widget-text-editor\" data-id=\"8021e1b\" data-element_type=\"widget\" data-widget_type=\"text-editor.default\">\n\t\t\t\t<div class=\"elementor-widget-container\">\n\t\t\t\t\t\t\t<p><span style=\"color: #ffffff;\">Gemeinn\u00fctziger F\u00f6rderverein<\/span><br \/><span style=\"color: #ffffff;\">VCP Stamm Franz von Sickingen e.V.<\/span><br \/><span style=\"color: #ffffff;\">c\/o Pauluskirchengemeinde<\/span><br \/><span style=\"color: #ffffff;\">Winterbergstra\u00dfe 25<\/span><br \/><span style=\"color: #ffffff;\">67434 Neustadt a.d. Weinstra\u00dfe<\/span><\/p>\t\t\t\t\t\t<\/div>\n\t\t\t\t<\/div>\n\t\t\t\t\t<\/div>\n\t\t<\/div>\n\t\t\t\t<div class=\"elementor-column elementor-col-33 elementor-inner-column elementor-element elementor-element-9f3e07b\" data-id=\"9f3e07b\" data-element_type=\"column\">\n\t\t\t<div class=\"elementor-widget-wrap elementor-element-populated\">\n\t\t\t\t\t\t\t\t<div class=\"elementor-element elementor-element-3c6b9aa9 elementor-align-right elementor-tablet-align-center elementor-widget elementor-widget-button\" data-id=\"3c6b9aa9\" data-element_type=\"widget\" data-widget_type=\"button.default\">\n\t\t\t\t<div class=\"elementor-widget-container\">\n\t\t\t\t\t<div class=\"elementor-button-wrapper\">\n\t\t\t<a href=\"http:\/\/foerderverein-fvs.de\/wp-content\/uploads\/2023\/03\/Pfadfinden-Jugend.-Abenteuer.-Glaube.-Gemeinschaft.-Foerdern\u2026-8.pdf\" class=\"elementor-button-link elementor-button elementor-size-sm\" role=\"button\">\n\t\t\t\t\t\t<span class=\"elementor-button-content-wrapper\">\n\t\t\t\t\t\t<span class=\"elementor-button-text\">Laden Sie unseren Flyer<\/span>\n\t\t<\/span>\n\t\t\t\t\t<\/a>\n\t\t<\/div>\n\t\t\t\t<\/div>\n\t\t\t\t<\/div>\n\t\t\t\t\t<\/div>\n\t\t<\/div>\n\t\t\t\t\t\t\t<\/div>\n\t\t<\/section>\n\t\t\t\t\t<\/div>\n\t\t<\/div>\n\t\t\t\t\t\t\t<\/div>\n\t\t<\/section>\n\t\t\t\t\t\t\t<\/div>\n\t\t","protected":false},"excerpt":{"rendered":"<p>Unterst\u00fctzen Sie uns? Pfadfinden f\u00f6rdern F\u00f6rderverein VCP Stamm Franz von Sickingen e.V. Wir unterst\u00fctzen ideell und finanziell die Projekte der Jugendarbeit in der protestantischen Paulus-Kirchengemeinde in Neustadt-Hambach Weitere Informationen? Gemeinn\u00fctziger F\u00f6rdervereinVCP Stamm Franz von Sickingen e.V.c\/o PauluskirchengemeindeWinterbergstra\u00dfe 2567434 Neustadt a.d. Weinstra\u00dfe Laden Sie unseren Flyer<\/p>\n","protected":false},"author":1,"featured_media":0,"parent":0,"menu_order":0,"comment_status":"closed","ping_status":"closed","template":"","meta":{"_kad_post_transparent":"","_kad_post_title":"hide","_kad_post_layout":"fullwidth","_kad_post_sidebar_id":"","_kad_post_content_style":"unboxed","_kad_post_vertical_padding":"hide","_kad_post_feature":"hide","_kad_post_feature_position":"","_kad_post_header":false,"_kad_post_footer":false},"_links":{"self":[{"href":"https:\/\/foerderverein-fvs.de\/index.php?rest_route=\/wp\/v2\/pages\/15"}],"collection":[{"href":"https:\/\/foerderverein-fvs.de\/index.php?rest_route=\/wp\/v2\/pages"}],"about":[{"href":"https:\/\/foerderverein-fvs.de\/index.php?rest_route=\/wp\/v2\/types\/page"}],"author":[{"embeddable":true,"href":"https:\/\/foerderverein-fvs.de\/index.php?rest_route=\/wp\/v2\/users\/1"}],"replies":[{"embeddable":true,"href":"https:\/\/foerderverein-fvs.de\/index.php?rest_route=%2Fwp%2Fv2%2Fcomments&post=15"}],"version-history":[{"count":84,"href":"https:\/\/foerderverein-fvs.de\/index.php?rest_route=\/wp\/v2\/pages\/15\/revisions"}],"predecessor-version":[{"id":203,"href":"https:\/\/foerderverein-fvs.de\/index.php?rest_route=\/wp\/v2\/pages\/15\/revisions\/203"}],"wp:attachment":[{"href":"https:\/\/foerderverein-fvs.de\/index.php?rest_route=%2Fwp%2Fv2%2Fmedia&parent=15"}],"curies":[{"name":"wp","href":"https:\/\/api.w.org\/{rel}","templated":true}]}}